{"id":17,"date":"2023-09-21T11:51:24","date_gmt":"2023-09-21T09:51:24","guid":{"rendered":"http:\/\/test.lenzokart.it\/?page_id=17"},"modified":"2023-09-21T11:55:28","modified_gmt":"2023-09-21T09:55:28","slug":"condizioni-generali-di-vendita","status":"publish","type":"page","link":"https:\/\/www.lenzokart.it\/en\/condizioni-generali-di-vendita\/","title":{"rendered":"Condizioni Generali di Vendita"},"content":{"rendered":"<div data-elementor-type=\"wp-page\" data-elementor-id=\"17\" class=\"elementor elementor-17\">\n\t\t\t\t\t\t<section class=\"elementor-section elementor-top-section elementor-element elementor-element-25cf48e9 elementor-section-boxed elementor-section-height-default elementor-section-height-default\" data-id=\"25cf48e9\" data-element_type=\"section\" data-e-type=\"section\">\r\n\t\t\r\n\t\t\t\t\t\t\t<div class=\"elementor-container elementor-column-gap-default\">\r\n\t\t\t\t\t\t\t\t\t\t\t<div class=\"elementor-column elementor-col-100 elementor-top-column elementor-element elementor-element-133c8d1a\" data-id=\"133c8d1a\" data-element_type=\"column\" data-e-type=\"column\">\r\n\t\t\t\t\t<div class=\"elementor-widget-wrap elementor-element-populated\">\r\n\t\t\t\t\t\t\t\t<div class=\"elementor-element elementor-element-57fb44fa elementor-widget elementor-widget-text-editor\" data-id=\"57fb44fa\" data-element_type=\"widget\" data-e-type=\"widget\" data-widget_type=\"text-editor.default\">\n\t\t\t\t<div class=\"elementor-widget-container\">\n\t\t\t\t\t\t\t\t\t<p><strong>CONDIZIONI GENERALI DI VENDITA<\/strong><\/p>\n<p><strong>ARTICOLO 1<\/strong><\/p>\n<p><strong>APPLICAZIONE DELLE CONDIZIONI GENERALI DI VENDITA<\/strong><\/p>\n<p>Le presenti condizioni generali di vendita si riterranno applicabili a tutti gli ordini ricevuti e confermati dal Venditore. Ogni questione non espressamente e diversamente definita verr\u00e0 disciplinata dalle seguenti condizioni generali di vendita che verranno riportate nel retro della conferma d\u2019ordine. L\u2019invio dell\u2019ordine da parte del compratore comporta l\u2019accettazione delle condizioni generali di vendita.<\/p>\n<p><strong>ARTICOLO 2<\/strong><\/p>\n<p><strong>CONCLUSIONE DEL CONTRATTO<\/strong><\/p>\n<p>Il contratto di vendita verr\u00e0 ritenuto concluso solo con la conferma d\u2019ordine che interverr\u00e0 nei 3 giorni successivi dalla ricezione dell\u2019ordine stesso. La conferma d\u2019ordine verr\u00e0 trasmessa mediante posta elettronica o fax. La mancata trasmissione della conferma d\u2019ordine nei tempi e nei modi anzidetti non vincoler\u00e0 in alcun modo il venditore che non potr\u00e0 essere ritenuto responsabile, n\u00e9 contrattualmente n\u00e9 extra contrattualmente, per eventuali danni che il compratore dovesse subire per la mancata conclusione del contratto. Il contratto di acquisto del prodotto con acquirenti <strong>professionali, si concluder\u00e0 solo con il definitivo accordo delle parti, a mezzo email o a mezzo conferma d\u2019ordine scritto. I contratti stipulati a distanza saranno conclusi direttamente attraverso l\u2019accesso da parte del consumatore e\/o cliente al sito internet corrispondente all\u2019indirizzo <\/strong><strong><a href=\"http:\/\/www.---------------------------\">www.&#8212;&#8212;&#8212;&#8212;&#8212;&#8212;&#8212;&#8212;&#8212;<\/a><\/strong><strong>. <\/strong>Per i contratti a distanza con i consumatori viene esplicitamente richiamata la normativa prevista dal titolo III capo I del D.LGS. N. 206\/05. Il contratto di acquisto del prodotto si intende definitivamente concluso quando l\u2019acquirente \u2013 consumatore finale, porter\u00e0 a termine e a buon fine la procedura di acquisto on line, inviando l\u2019ordine. Fermo restando quanto sopra, l\u2019obbligo di consegna del prodotto da parte dell\u2019azienda, \u00e8 subordinato al previo pagamento dell\u2019ordine da parte dell\u2019acquirente L\u2019azienda avr\u00e0 facolt\u00e0, a propria discrezione, di conservare copia degli ordini ricevuti nei modi e nei termini ritenuti pi\u00f9 opportuni.<\/p>\n<p><strong>ARTICOLO 3<\/strong><\/p>\n<p><strong>CONSEGNA <\/strong><\/p>\n<p>La consegna della merce avverr\u00e0 franca fabbrica caricato (EXW Loaded Incoterms 2020 Icc) a Brolo (ME). Qualora venga concordata la spedizione della merce presso il domicilio del compratore questa avverr\u00e0 sempre a sue spese e il passaggio del rischio avverr\u00e0 al momento della consegna dei prodotti al primo vettore, fermo restando che il Venditore non risponder\u00e0 in alcun modo per i danni occorsi alla merce durante il trasporto.<\/p>\n<p><strong>ARTICOLO 4 <\/strong><\/p>\n<p><strong>GARANZIA<\/strong><\/p>\n<p>Il compratore \u00e8 tenuto a verificare la corrispondenza qualitativa e quantitativa tra i prodotti indicati nel documento di trasporto ed i prodotti consegnati, comunicando per iscritto eventuali discrepanze entro il termine di tre giorni dalla consegna degli stessi presso lo stabilimento del venditore o, se convenuta la spedizione, dalla ricezione dei prodotti presso il domicilio del compratore.<\/p>\n<p>In presenza di eventuali vizi e\/o difetti di conformit\u00e0 la denuncia per essere valida ed efficace dovr\u00e0 pervenire entro sette giorni dalla scoperta e dovr\u00e0 inoltre identificare i prodotti difettosi e\/o viziati, precisando la natura del vizio e\/o del difetto di conformit\u00e0, fornendo una prova adeguata della sua esistenza. Non verranno considerate efficaci le denunce oltre il termine o generiche che non presentino le surriferite indicazioni.<\/p>\n<p>Per i Prodotti che sono stati fabbricati secondo le specifiche, disegni o modelli forniti dal compratore, la garanzia della Venditrice \u00e8 ristretta all\u2019adeguatezza dei materiali e delle lavorazioni.<\/p>\n<p>Per Prodotti o componenti essenziali fabbricati da una terza parte e forniti per contratto dalla Venditrice, la garanzia della Venditrice \u00e8 limitata alla garanzia fornita dalla menzionata terza parte.<\/p>\n<p>La presente garanzia non si applica ai danni derivanti da normale usura e disinstallazione, conservazione e manutenzione inadeguate, mancata osservanza delle istruzioni operative, trasporto non idoneo di media, da riparazioni o da alterazioni non appropriate svolte dal compratore o da parti terze, l\u2019utilizzo di ricambi differenti dagli originali e altre ragioni che sono oltre il controllo della Venditrice. I prodotti acquistati dal consumatore godono di una garanzia legale che copre i vizi di produzione e di conformit\u00e0 dei prodotti stessi per ventiquattro (24) mesi dalla data di consegna del prodotto. La garanzia legale non opera nei confronti di chi ha acquistato i prodotti nell\u2019ambito della propria attivit\u00e0 imprenditoriale o professionale. In tal caso nessuna azione o reclamo pu\u00f2 essere intentata dal compratore a causa di presunte violazioni della garanzia o di qualsiasi altro obbligo della venditrice dopo la scadenza dei dodici mesi (12) dalla consegna.<\/p>\n<p>Nel caso in cui la vendita dei prodotti avvenga nei confronti di un\u2019acquirente che ha la propria sede o residenza all\u2019estero, la garanzia prevista nelle presenti condizioni generali avr\u00e0 validit\u00e0 a prescindere dalle diverse previsioni di legge esistenti nello stato ove ha la propria sede o residenza l\u2019acquirente. In ogni caso non rientrano nell\u2019ambito dei vizi e\/o difetti di conformit\u00e0 tutti quei danni, divari o diminuzione di funzionalit\u00e0 che i prodotti dovessero subire durante il trasporto, di cui il Compratore si assume ogni rischio. Il venditore declina ogni responsabilit\u00e0 da malfunzionamenti, vizi e\/o difetti che dovessero derivare da un cattivo utilizzo della merce.<\/p>\n<p><strong>ARTICOLO 5<\/strong><\/p>\n<p><strong>ESONERO DA RESPONSABILITA\u2019<\/strong><\/p>\n<p>Il Venditore \u00e8 esonerato da responsabilit\u00e0 per inadempimento delle sue obbligazioni per forza<\/p>\n<p>maggiore, intendendosi per tale quell\u2019evento che non pu\u00f2 ragionevolmente essere evitato o superato e che non \u00e8 ordinariamente prevedibile al momento della conclusione del contratto. A titolo meramente esemplificativo e non esaustivo si intende per evento di forza maggiore calamit\u00e0 naturali, prolungato calo di energia, incendio, esplosione, epidemie.<\/p>\n<p><strong>ARTICOLO 6<\/strong><\/p>\n<p><strong>PAGAMENTI<\/strong><\/p>\n<p>I pagamenti devono essere effettuati direttamente mediante i servizi di pagamento indicati all\u2019atto di acquisto. In caso di ritardo nel pagamento dall\u2019Acquirente sar\u00e0 dovuto l\u2019interesse legale per il ritardo, (in base a quanto previsto dalla Direttiva CEE n. 2000\/35) ai sensi dell\u2019art. 5 del D.Lgs. 231\/2002 senza necessit\u00e0 di messa in mora. In caso di mancato pagamento o in caso di ritardo nel pagamento saranno addebitati all\u2019Acquirente tutti i costi e le spese, incluse le spese legali, sostenute per il recupero del\/i proprio\/i credito\/i.<\/p>\n<p><strong>ARTICOLO 7<\/strong><\/p>\n<p><strong>PREZZI<\/strong><\/p>\n<p>I prezzi indicati sono per merce senza imballo. Salvo diversa indicazione i prezzi non comprendono<\/p>\n<p>tasse, imposte ed altri oneri, di qualsiasi natura, che gravano sull\u2019Acquirente. \u00a0Il cliente pu\u00f2 pagare la merce ordinata mediante i servizi di pagamento indicati all\u2019atto di acquisto. Per le consegne dilazionate resta convenuto che si applicheranno i prezzi in vigore al momento della consegna in base alle variazioni, tra la data dell\u2019offerta e quella della consegna<\/p>\n<p><strong>ARTICOLO 8<\/strong><\/p>\n<p><strong>RECESSO<\/strong><\/p>\n<p>Le norme sul diritto di recesso sono contenute negli artt. 64\/67 del d.lgs. 206\/05 (codice consumatori) Tale diritto pu\u00f2 essere esercitato solo da consumatori, per tutti gli altri acquisti effettuati per scopi non estranei all\u2019attivit\u00e0 imprenditoriale o professionale.<\/p>\n<p>Il diritto di recesso pu\u00f2 essere esercitato tramite apposito reclamo. Tutti i costi di restituzione dei prodotti sono a carico del consumatore, il quale tramite proprio spedizioniere provveder\u00e0 all\u2019inoltro dei medesimi, entro dodici giorni dal ricevimento della merce presso la sede della fornitrice, previa imprescindibile autorizzazione al rientro. Tutti i rischi del trasporto sono a carico del consumatore\/cliente. Tutti gli articoli dovranno pervenire nelle medesime condizioni di ricezione, non utilizzati e completamente integri, provvisti degli imballi originali senza alcuna mancanza. Il consumatore non potr\u00e0 esercitare tale diritto di recesso per prodotti su misura o chiaramente personalizzati. Il diritto di recesso decade nella sua interezza qualora venga meno la condizione di integrit\u00e0 del bene.<\/p>\n<p>\u00a0Il Venditore pu\u00f2 recedere dal Contratto nel caso in cui il Compratore non effettui regolarmente i pagamenti o sia in ritardo negli stessi pagamenti, secondo quanto precisato all\u2019art. 7. Il Venditore ha inoltre diritto di recesso nell\u2019ipotesi in cui il Compratore dovesse divenire in tutto o in parte insolvente o sia sottoposto ad una qualsiasi procedura concorsuale o in caso di modificazione della Societ\u00e0. In caso di persona fisica anche<\/p>\n<p>nell\u2019ipotesi di dichiarazione di incapacit\u00e0 o morte. Il medesimo diritto di recesso \u00e8 accordato nell\u2019ipotesi<\/p>\n<p>in cui il compratore subisca un protesto cambiario da chiunque eseguito anche per un effetto non accettato. L\u2019esercizio del recesso assegna al Venditore il diritto di ottenere immediatamente il pagamento di ogni credito.<\/p>\n<p><strong>ARTICOLO 9<\/strong><\/p>\n<p><strong>SOLVE ET REPETE<\/strong><\/p>\n<p>L\u2019Acquirente, se non dar\u00e0 la prova di aver eseguito le sue obbligazioni e in particolare quelle del pagamento integrale della somma dovuta, non potr\u00e0 iniziare alcuna azione o contestazione n\u00e8 opporre alcune eccezioni in giudizio, per cui qualunque contestazione non d\u00e0 diritto all\u2019Acquirente di sospendere o ritardare i pagamenti.<\/p>\n<p><strong>ARTICOLO 10<\/strong><\/p>\n<p><strong>P IVA E CODICE FISCALE<\/strong><\/p>\n<p>L\u2019Acquirente ha l\u2019obbligo di fornire i dati fiscali esatti, restando la Venditrice esonerata da ogni responsabilit\u00e0.<\/p>\n<p><strong>ARTICOLO 11<\/strong><\/p>\n<p><strong>INVALIDITA\u2019<\/strong><\/p>\n<p>L\u2019eventuale invalidit\u00e0 anche di una sola clausola delle presenti condizioni generali di vendita non intaccher\u00e0 l\u2019efficacia delle altre clausole che rimarranno assolutamente applicabili. La clausola non applicabile verr\u00e0 automaticamente sostituita da una disposizione valida con il significato pi\u00f9 aderente a quello della clausola invalida e\/o non applicabile.<\/p>\n<p><strong>ARTICOLO 12<\/strong><\/p>\n<p><strong>PATTO DI RISERVATEZZA<\/strong><\/p>\n<p>Ai fini del contratto si intendono per informazioni riservate, tutte le informazioni e la documentazione<\/p>\n<p>relativa, a titolo esemplificativo e non esaustivo, a qualunque dato conoscenza, ritrovato, brevettato o brevettabile, know how e, in genere, qualsivoglia notizia di natura tecnico scientifica, economico, commerciale o amministrativa che sia comunicata all\u2019altra parte, direttamente o indirettamente, in forma scritta orale grafica o tramite l\u2019osservazione di oggetti tangibili.<\/p>\n<p>Le parti del contratto si impegnano a non divulgare a terzi le informazioni riservate a terzi e a comunicare<\/p>\n<p>le informazioni riservate unicamente a coloro, fra dipendenti, collaboratori e consulenti, che oggettivamente necessitino di acquisirne la relativa conoscenza. Il Venditore si impegna a trattare i dati<\/p>\n<p>personali del Compratore nelle modalit\u00e0 previste dal Regolamento UE 2016\/679.<\/p>\n<p><strong>ARTICOLO 13<\/strong><\/p>\n<p><strong>FORO COMPETENTE<\/strong><\/p>\n<p>Al contratto si applica la legge italiana. Per qualunque controversia fra le parti il foro competente sar\u00e0 esclusivamente quello del Tribunale di Patti (ME), anche se l\u2019ordinazione e il contratto siano stati stipulati altrove dagli incaricati della Venditrice.<\/p>\t\t\t\t\t\t\t\t<\/div>\n\t\t\t\t<\/div>\n\t\t\t\t\t<\/div>\r\n\t\t\t\t<\/div>\r\n\t\t\t\t\t<\/div>\r\n\t\t\t\t<\/section>\r\n\t\t\t\t<\/div>","protected":false},"excerpt":{"rendered":"<p>CONDIZIONI GENERALI DI VENDITA ARTICOLO 1 APPLICAZIONE DELLE CONDIZIONI GENERALI DI VENDITA Le presenti condizioni generali di vendita si riterranno applicabili a tutti gli ordini ricevuti e confermati dal Venditore. Ogni questione non espressamente e diversamente definita verr\u00e0 disciplinata dalle seguenti condizioni generali di vendita che verranno riportate nel retro della conferma d\u2019ordine. L\u2019invio dell\u2019ordine [&hellip;]<\/p>\n","protected":false},"author":1,"featured_media":0,"parent":0,"menu_order":0,"comment_status":"closed","ping_status":"closed","template":"","meta":{"footnotes":""},"class_list":["post-17","page","type-page","status-publish","hentry"],"_links":{"self":[{"href":"https:\/\/www.lenzokart.it\/en\/wp-json\/wp\/v2\/pages\/17","targetHints":{"allow":["GET"]}}],"collection":[{"href":"https:\/\/www.lenzokart.it\/en\/wp-json\/wp\/v2\/pages"}],"about":[{"href":"https:\/\/www.lenzokart.it\/en\/wp-json\/wp\/v2\/types\/page"}],"author":[{"embeddable":true,"href":"https:\/\/www.lenzokart.it\/en\/wp-json\/wp\/v2\/users\/1"}],"replies":[{"embeddable":true,"href":"https:\/\/www.lenzokart.it\/en\/wp-json\/wp\/v2\/comments?post=17"}],"version-history":[{"count":3,"href":"https:\/\/www.lenzokart.it\/en\/wp-json\/wp\/v2\/pages\/17\/revisions"}],"predecessor-version":[{"id":4265,"href":"https:\/\/www.lenzokart.it\/en\/wp-json\/wp\/v2\/pages\/17\/revisions\/4265"}],"wp:attachment":[{"href":"https:\/\/www.lenzokart.it\/en\/wp-json\/wp\/v2\/media?parent=17"}],"curies":[{"name":"wp","href":"https:\/\/api.w.org\/{rel}","templated":true}]}}